{"id":380,"date":"2026-04-06T11:19:03","date_gmt":"2026-04-06T09:19:03","guid":{"rendered":"https:\/\/atelierjulie.eu\/?post_type=product&#038;p=380"},"modified":"2026-04-06T11:41:31","modified_gmt":"2026-04-06T09:41:31","slug":"atelier-decouverte-mac-familiale-et-surjeteuse","status":"publish","type":"product","link":"https:\/\/atelierjulie.eu\/?product=atelier-decouverte-mac-familiale-et-surjeteuse","title":{"rendered":"Atelier &#8211; D\u00e9couverte MAC familiale et surjeteuse"},"content":{"rendered":"<p>Prise en main d&#8217;une machine \u00e0 coudre et d&#8217;une surjeteuse<\/p>\n<p>Dur\u00e9e : 2 heures<\/p>\n<p>Mat\u00e9riel fourni<\/p>\n","protected":false},"excerpt":{"rendered":"<p>Prise en main d&#8217;une machine \u00e0 coudre et d&#8217;une surjeteuse Dur\u00e9e : 2 heures Mat\u00e9riel fourni<\/p>\n","protected":false},"featured_media":389,"comment_status":"open","ping_status":"closed","template":"","meta":[],"product_brand":[],"product_cat":[29,42],"product_tag":[],"class_list":{"0":"post-380","1":"product","2":"type-product","3":"status-publish","4":"has-post-thumbnail","6":"product_cat-atelier","7":"product_cat-decouverte-des-machines","8":"bookacti-activity","10":"first","11":"instock","12":"virtual","13":"purchasable","14":"product-type-simple"},"jetpack_sharing_enabled":true,"_links":{"self":[{"href":"https:\/\/atelierjulie.eu\/index.php?rest_route=\/wp\/v2\/product\/380","targetHints":{"allow":["GET"]}}],"collection":[{"href":"https:\/\/atelierjulie.eu\/index.php?rest_route=\/wp\/v2\/product"}],"about":[{"href":"https:\/\/atelierjulie.eu\/index.php?rest_route=\/wp\/v2\/types\/product"}],"replies":[{"embeddable":true,"href":"https:\/\/atelierjulie.eu\/index.php?rest_route=%2Fwp%2Fv2%2Fcomments&post=380"}],"wp:featuredmedia":[{"embeddable":true,"href":"https:\/\/atelierjulie.eu\/index.php?rest_route=\/wp\/v2\/media\/389"}],"wp:attachment":[{"href":"https:\/\/atelierjulie.eu\/index.php?rest_route=%2Fwp%2Fv2%2Fmedia&parent=380"}],"wp:term":[{"taxonomy":"product_brand","embeddable":true,"href":"https:\/\/atelierjulie.eu\/index.php?rest_route=%2Fwp%2Fv2%2Fproduct_brand&post=380"},{"taxonomy":"product_cat","embeddable":true,"href":"https:\/\/atelierjulie.eu\/index.php?rest_route=%2Fwp%2Fv2%2Fproduct_cat&post=380"},{"taxonomy":"product_tag","embeddable":true,"href":"https:\/\/atelierjulie.eu\/index.php?rest_route=%2Fwp%2Fv2%2Fproduct_tag&post=380"}],"curies":[{"name":"wp","href":"https:\/\/api.w.org\/{rel}","templated":true}]}}