{"id":379,"date":"2026-04-06T11:22:36","date_gmt":"2026-04-06T09:22:36","guid":{"rendered":"https:\/\/atelierjulie.eu\/?post_type=product&#038;p=379"},"modified":"2026-04-06T11:41:21","modified_gmt":"2026-04-06T09:41:21","slug":"atelier-decouverte-mac-industrielle","status":"publish","type":"product","link":"https:\/\/atelierjulie.eu\/?product=atelier-decouverte-mac-industrielle","title":{"rendered":"Atelier &#8211; D\u00e9couverte MAC industrielle"},"content":{"rendered":"<p>Prise en main d&#8217;une machine industrielle<\/p>\n<ul>\n<li>Conna\u00eetre les principales pi\u00e8ces<\/li>\n<li>Effectuer les r\u00e9glages de base<\/li>\n<li>D\u00e9marrer et tester la machine avec une cr\u00e9ation<\/li>\n<\/ul>\n<p>Dur\u00e9e : 2 heures<\/p>\n<p>Mat\u00e9riel fourni<\/p>\n","protected":false},"excerpt":{"rendered":"<p>Prise en main d&#8217;une machine industrielle Conna\u00eetre les principales pi\u00e8ces Effectuer les r\u00e9glages de base D\u00e9marrer et tester la machine avec une cr\u00e9ation Dur\u00e9e : 2 heures Mat\u00e9riel fourni<\/p>\n","protected":false},"featured_media":362,"comment_status":"open","ping_status":"closed","template":"","meta":[],"product_brand":[],"product_cat":[29,42],"product_tag":[],"class_list":{"0":"post-379","1":"product","2":"type-product","3":"status-publish","4":"has-post-thumbnail","6":"product_cat-atelier","7":"product_cat-decouverte-des-machines","8":"bookacti-activity","10":"first","11":"instock","12":"virtual","13":"purchasable","14":"product-type-simple"},"jetpack_sharing_enabled":true,"_links":{"self":[{"href":"https:\/\/atelierjulie.eu\/index.php?rest_route=\/wp\/v2\/product\/379","targetHints":{"allow":["GET"]}}],"collection":[{"href":"https:\/\/atelierjulie.eu\/index.php?rest_route=\/wp\/v2\/product"}],"about":[{"href":"https:\/\/atelierjulie.eu\/index.php?rest_route=\/wp\/v2\/types\/product"}],"replies":[{"embeddable":true,"href":"https:\/\/atelierjulie.eu\/index.php?rest_route=%2Fwp%2Fv2%2Fcomments&post=379"}],"wp:featuredmedia":[{"embeddable":true,"href":"https:\/\/atelierjulie.eu\/index.php?rest_route=\/wp\/v2\/media\/362"}],"wp:attachment":[{"href":"https:\/\/atelierjulie.eu\/index.php?rest_route=%2Fwp%2Fv2%2Fmedia&parent=379"}],"wp:term":[{"taxonomy":"product_brand","embeddable":true,"href":"https:\/\/atelierjulie.eu\/index.php?rest_route=%2Fwp%2Fv2%2Fproduct_brand&post=379"},{"taxonomy":"product_cat","embeddable":true,"href":"https:\/\/atelierjulie.eu\/index.php?rest_route=%2Fwp%2Fv2%2Fproduct_cat&post=379"},{"taxonomy":"product_tag","embeddable":true,"href":"https:\/\/atelierjulie.eu\/index.php?rest_route=%2Fwp%2Fv2%2Fproduct_tag&post=379"}],"curies":[{"name":"wp","href":"https:\/\/api.w.org\/{rel}","templated":true}]}}