{"id":377,"date":"2026-01-12T13:54:29","date_gmt":"2026-01-12T12:54:29","guid":{"rendered":"https:\/\/atelierjulie.eu\/?post_type=product&#038;p=377"},"modified":"2026-02-22T16:35:00","modified_gmt":"2026-02-22T15:35:00","slug":"atelier-jupe-elastique","status":"publish","type":"product","link":"https:\/\/atelierjulie.eu\/?product=atelier-jupe-elastique","title":{"rendered":"Atelier &#8211; Jupe \u00e9lastique"},"content":{"rendered":"<p>Prise en main d&#8217;une machine \u00e0 coudre et surjeteuse<\/p>\n<ul>\n<li>Prise de mesure<\/li>\n<li>Tra\u00e7age et d\u00e9coupe (longueur au choix)<\/li>\n<li>Surfil<\/li>\n<li>Couture droite<\/li>\n<li>Pose d&#8217;\u00e9lastique<\/li>\n<li>Cr\u00e9ation d&#8217;ourlet<\/li>\n<\/ul>\n<p>Dur\u00e9e : 2 heures<\/p>\n<p>Mat\u00e9riel fourni<\/p>\n","protected":false},"excerpt":{"rendered":"<p>Prise en main d&#8217;une machine \u00e0 coudre et surjeteuse Prise de mesure Tra\u00e7age et d\u00e9coupe (longueur au choix) Surfil Couture droite Pose d&#8217;\u00e9lastique Cr\u00e9ation d&#8217;ourlet Dur\u00e9e : 2 heures Mat\u00e9riel fourni<\/p>\n","protected":false},"featured_media":391,"comment_status":"open","ping_status":"closed","template":"","meta":[],"product_brand":[],"product_cat":[29,38],"product_tag":[47],"class_list":{"0":"post-377","1":"product","2":"type-product","3":"status-publish","4":"has-post-thumbnail","6":"product_cat-atelier","7":"product_cat-vetements","8":"product_tag-jupe-elastique","9":"bookacti-activity","11":"first","12":"instock","13":"shipping-taxable","14":"purchasable","15":"product-type-variable"},"jetpack_sharing_enabled":true,"_links":{"self":[{"href":"https:\/\/atelierjulie.eu\/index.php?rest_route=\/wp\/v2\/product\/377","targetHints":{"allow":["GET"]}}],"collection":[{"href":"https:\/\/atelierjulie.eu\/index.php?rest_route=\/wp\/v2\/product"}],"about":[{"href":"https:\/\/atelierjulie.eu\/index.php?rest_route=\/wp\/v2\/types\/product"}],"replies":[{"embeddable":true,"href":"https:\/\/atelierjulie.eu\/index.php?rest_route=%2Fwp%2Fv2%2Fcomments&post=377"}],"wp:featuredmedia":[{"embeddable":true,"href":"https:\/\/atelierjulie.eu\/index.php?rest_route=\/wp\/v2\/media\/391"}],"wp:attachment":[{"href":"https:\/\/atelierjulie.eu\/index.php?rest_route=%2Fwp%2Fv2%2Fmedia&parent=377"}],"wp:term":[{"taxonomy":"product_brand","embeddable":true,"href":"https:\/\/atelierjulie.eu\/index.php?rest_route=%2Fwp%2Fv2%2Fproduct_brand&post=377"},{"taxonomy":"product_cat","embeddable":true,"href":"https:\/\/atelierjulie.eu\/index.php?rest_route=%2Fwp%2Fv2%2Fproduct_cat&post=377"},{"taxonomy":"product_tag","embeddable":true,"href":"https:\/\/atelierjulie.eu\/index.php?rest_route=%2Fwp%2Fv2%2Fproduct_tag&post=377"}],"curies":[{"name":"wp","href":"https:\/\/api.w.org\/{rel}","templated":true}]}}