{"id":376,"date":"2026-04-06T10:37:42","date_gmt":"2026-04-06T08:37:42","guid":{"rendered":"https:\/\/atelierjulie.eu\/?post_type=product&#038;p=376"},"modified":"2026-04-06T11:42:56","modified_gmt":"2026-04-06T09:42:56","slug":"atelier-tablier-japonais","status":"publish","type":"product","link":"https:\/\/atelierjulie.eu\/?product=atelier-tablier-japonais","title":{"rendered":"Atelier-Tablier japonais"},"content":{"rendered":"\r\n<p>Prise en main d&#8217;une machine \u00e0 coudre et surjeteuse<\/p>\r\n<ul class=\"wp-block-list\">\r\n<li>Tra\u00e7age sur tissu<\/li>\r\n<li>D\u00e9coupe de tissu<\/li>\r\n<li>Pose de thermocollant<\/li>\r\n<li>Cr\u00e9ation et pose de poches<\/li>\r\n<li>Doublure<\/li>\r\n<li>Surpiq\u00fbre<\/li>\r\n<\/ul>\r\n<p>Dur\u00e9e : 2 heures<\/p>\r\n<p>Mat\u00e9riel fourni<\/p>","protected":false},"excerpt":{"rendered":"<p>Prise en main d&#8217;une machine \u00e0 coudre et surjeteuse Tra\u00e7age sur tissu D\u00e9coupe de tissu Pose de thermocollant Cr\u00e9ation et pose de poches Doublure Surpiq\u00fbre Dur\u00e9e : 2 heures Mat\u00e9riel fourni<\/p>\n","protected":false},"featured_media":591,"comment_status":"open","ping_status":"closed","template":"","meta":[],"product_brand":[],"product_cat":[29,38],"product_tag":[46],"class_list":{"0":"post-376","1":"product","2":"type-product","3":"status-publish","4":"has-post-thumbnail","6":"product_cat-atelier","7":"product_cat-vetements","8":"product_tag-tablier-japonais","9":"bookacti-activity","11":"first","12":"instock","13":"shipping-taxable","14":"purchasable","15":"product-type-variable"},"jetpack_sharing_enabled":true,"_links":{"self":[{"href":"https:\/\/atelierjulie.eu\/index.php?rest_route=\/wp\/v2\/product\/376","targetHints":{"allow":["GET"]}}],"collection":[{"href":"https:\/\/atelierjulie.eu\/index.php?rest_route=\/wp\/v2\/product"}],"about":[{"href":"https:\/\/atelierjulie.eu\/index.php?rest_route=\/wp\/v2\/types\/product"}],"replies":[{"embeddable":true,"href":"https:\/\/atelierjulie.eu\/index.php?rest_route=%2Fwp%2Fv2%2Fcomments&post=376"}],"wp:featuredmedia":[{"embeddable":true,"href":"https:\/\/atelierjulie.eu\/index.php?rest_route=\/wp\/v2\/media\/591"}],"wp:attachment":[{"href":"https:\/\/atelierjulie.eu\/index.php?rest_route=%2Fwp%2Fv2%2Fmedia&parent=376"}],"wp:term":[{"taxonomy":"product_brand","embeddable":true,"href":"https:\/\/atelierjulie.eu\/index.php?rest_route=%2Fwp%2Fv2%2Fproduct_brand&post=376"},{"taxonomy":"product_cat","embeddable":true,"href":"https:\/\/atelierjulie.eu\/index.php?rest_route=%2Fwp%2Fv2%2Fproduct_cat&post=376"},{"taxonomy":"product_tag","embeddable":true,"href":"https:\/\/atelierjulie.eu\/index.php?rest_route=%2Fwp%2Fv2%2Fproduct_tag&post=376"}],"curies":[{"name":"wp","href":"https:\/\/api.w.org\/{rel}","templated":true}]}}