{"id":268,"date":"2026-01-06T16:16:53","date_gmt":"2026-01-06T15:16:53","guid":{"rendered":"https:\/\/atelierjulie.eu\/?post_type=product&#038;p=268"},"modified":"2026-02-22T16:39:22","modified_gmt":"2026-02-22T15:39:22","slug":"cours-creation-dun-tote-bag-a-pression","status":"publish","type":"product","link":"https:\/\/atelierjulie.eu\/?product=cours-creation-dun-tote-bag-a-pression","title":{"rendered":"Atelier &#8211; Cr\u00e9ation d&#8217;un tote bag \u00e0 pression"},"content":{"rendered":"<p>Prise en main d&#8217;une machine familiale et surjeteuse avec la cr\u00e9ation d&#8217;un tote bag \u00e0 pression<\/p>\n<ul>\n<li>Couture droite<\/li>\n<li>Surfil sur surjeteuse<\/li>\n<li>Cr\u00e9ation de sangles<\/li>\n<li>Cr\u00e9ation d&#8217;ourlet<\/li>\n<li>Pose de bouton pression<\/li>\n<\/ul>\n<p>Dur\u00e9e : 1 heure<\/p>\n<p>Mat\u00e9riel fourni<\/p>\n","protected":false},"excerpt":{"rendered":"<p>Prise en main d&#8217;une machine familiale et surjeteuse avec la cr\u00e9ation d&#8217;un tote bag \u00e0 pression Couture droite Surfil sur surjeteuse Cr\u00e9ation de sangles Cr\u00e9ation d&#8217;ourlet Pose de bouton pression Dur\u00e9e : 1 heure Mat\u00e9riel fourni<\/p>\n","protected":false},"featured_media":287,"comment_status":"open","ping_status":"closed","template":"","meta":[],"product_brand":[],"product_cat":[34,29],"product_tag":[44],"class_list":{"0":"post-268","1":"product","2":"type-product","3":"status-publish","4":"has-post-thumbnail","6":"product_cat-accessoires","7":"product_cat-atelier","8":"product_tag-tote-bag","9":"bookacti-activity","11":"first","12":"instock","13":"shipping-taxable","14":"purchasable","15":"product-type-variable"},"jetpack_sharing_enabled":true,"_links":{"self":[{"href":"https:\/\/atelierjulie.eu\/index.php?rest_route=\/wp\/v2\/product\/268","targetHints":{"allow":["GET"]}}],"collection":[{"href":"https:\/\/atelierjulie.eu\/index.php?rest_route=\/wp\/v2\/product"}],"about":[{"href":"https:\/\/atelierjulie.eu\/index.php?rest_route=\/wp\/v2\/types\/product"}],"replies":[{"embeddable":true,"href":"https:\/\/atelierjulie.eu\/index.php?rest_route=%2Fwp%2Fv2%2Fcomments&post=268"}],"wp:featuredmedia":[{"embeddable":true,"href":"https:\/\/atelierjulie.eu\/index.php?rest_route=\/wp\/v2\/media\/287"}],"wp:attachment":[{"href":"https:\/\/atelierjulie.eu\/index.php?rest_route=%2Fwp%2Fv2%2Fmedia&parent=268"}],"wp:term":[{"taxonomy":"product_brand","embeddable":true,"href":"https:\/\/atelierjulie.eu\/index.php?rest_route=%2Fwp%2Fv2%2Fproduct_brand&post=268"},{"taxonomy":"product_cat","embeddable":true,"href":"https:\/\/atelierjulie.eu\/index.php?rest_route=%2Fwp%2Fv2%2Fproduct_cat&post=268"},{"taxonomy":"product_tag","embeddable":true,"href":"https:\/\/atelierjulie.eu\/index.php?rest_route=%2Fwp%2Fv2%2Fproduct_tag&post=268"}],"curies":[{"name":"wp","href":"https:\/\/api.w.org\/{rel}","templated":true}]}}