{"id":257,"date":"2026-01-06T09:09:21","date_gmt":"2026-01-06T08:09:21","guid":{"rendered":"https:\/\/atelierjulie.eu\/?post_type=product&#038;p=257"},"modified":"2026-02-22T16:41:57","modified_gmt":"2026-02-22T15:41:57","slug":"creation-dun-chouchou","status":"publish","type":"product","link":"https:\/\/atelierjulie.eu\/?product=creation-dun-chouchou","title":{"rendered":"Atelier &#8211; Cr\u00e9ation d&#8217;un chouchou"},"content":{"rendered":"<p>Prise en main d&#8217;une machine familiale avec la cr\u00e9ation d&#8217;un chouchou :<\/p>\n<ul>\n<li>Couture droite<\/li>\n<li>Retournement<\/li>\n<li>Insertion d&#8217;\u00e9lastique<\/li>\n<li>Couture main<\/li>\n<\/ul>\n<p>Dur\u00e9e : 30 minutes<\/p>\n<p>Mat\u00e9riel fourni<\/p>\n","protected":false},"excerpt":{"rendered":"<p>Prise en main d&#8217;une machine familiale avec la cr\u00e9ation d&#8217;un chouchou : Couture droite Retournement Insertion d&#8217;\u00e9lastique Couture main Dur\u00e9e : 30 minutes Mat\u00e9riel fourni<\/p>\n","protected":false},"featured_media":230,"comment_status":"open","ping_status":"closed","template":"","meta":[],"product_brand":[],"product_cat":[34,29],"product_tag":[43],"class_list":{"0":"post-257","1":"product","2":"type-product","3":"status-publish","4":"has-post-thumbnail","6":"product_cat-accessoires","7":"product_cat-atelier","8":"product_tag-chouchou","9":"bookacti-activity","11":"first","12":"instock","13":"shipping-taxable","14":"purchasable","15":"product-type-variable"},"jetpack_sharing_enabled":true,"_links":{"self":[{"href":"https:\/\/atelierjulie.eu\/index.php?rest_route=\/wp\/v2\/product\/257","targetHints":{"allow":["GET"]}}],"collection":[{"href":"https:\/\/atelierjulie.eu\/index.php?rest_route=\/wp\/v2\/product"}],"about":[{"href":"https:\/\/atelierjulie.eu\/index.php?rest_route=\/wp\/v2\/types\/product"}],"replies":[{"embeddable":true,"href":"https:\/\/atelierjulie.eu\/index.php?rest_route=%2Fwp%2Fv2%2Fcomments&post=257"}],"wp:featuredmedia":[{"embeddable":true,"href":"https:\/\/atelierjulie.eu\/index.php?rest_route=\/wp\/v2\/media\/230"}],"wp:attachment":[{"href":"https:\/\/atelierjulie.eu\/index.php?rest_route=%2Fwp%2Fv2%2Fmedia&parent=257"}],"wp:term":[{"taxonomy":"product_brand","embeddable":true,"href":"https:\/\/atelierjulie.eu\/index.php?rest_route=%2Fwp%2Fv2%2Fproduct_brand&post=257"},{"taxonomy":"product_cat","embeddable":true,"href":"https:\/\/atelierjulie.eu\/index.php?rest_route=%2Fwp%2Fv2%2Fproduct_cat&post=257"},{"taxonomy":"product_tag","embeddable":true,"href":"https:\/\/atelierjulie.eu\/index.php?rest_route=%2Fwp%2Fv2%2Fproduct_tag&post=257"}],"curies":[{"name":"wp","href":"https:\/\/api.w.org\/{rel}","templated":true}]}}