{"id":215,"date":"2026-01-05T12:04:40","date_gmt":"2026-01-05T11:04:40","guid":{"rendered":"https:\/\/atelierjulie.eu\/?post_type=product&#038;p=215"},"modified":"2026-01-18T17:38:31","modified_gmt":"2026-01-18T16:38:31","slug":"pochette-a-lingettes-meline","status":"publish","type":"product","link":"https:\/\/atelierjulie.eu\/?product=pochette-a-lingettes-meline","title":{"rendered":"Pochette \u00e0 lingettes M\u00e9line"},"content":{"rendered":"<p>Pochette \u00e0 rabat contenant 6 lingettes r\u00e9utilisables 11&#215;11 en tissu coton et \u00e9ponge.<\/p>\n","protected":false},"excerpt":{"rendered":"<p>Pochette \u00e0 rabat contenant 6 lingettes r\u00e9utilisables 11&#215;11 en tissu coton et \u00e9ponge.<\/p>\n","protected":false},"featured_media":218,"comment_status":"open","ping_status":"closed","template":"","meta":[],"product_brand":[],"product_cat":[33,21],"product_tag":[20],"class_list":{"0":"post-215","1":"product","2":"type-product","3":"status-publish","4":"has-post-thumbnail","6":"product_cat-creations","7":"product_cat-meline","8":"product_tag-meline","10":"first","11":"instock","12":"shipping-taxable","13":"purchasable","14":"product-type-simple"},"jetpack_sharing_enabled":true,"_links":{"self":[{"href":"https:\/\/atelierjulie.eu\/index.php?rest_route=\/wp\/v2\/product\/215","targetHints":{"allow":["GET"]}}],"collection":[{"href":"https:\/\/atelierjulie.eu\/index.php?rest_route=\/wp\/v2\/product"}],"about":[{"href":"https:\/\/atelierjulie.eu\/index.php?rest_route=\/wp\/v2\/types\/product"}],"replies":[{"embeddable":true,"href":"https:\/\/atelierjulie.eu\/index.php?rest_route=%2Fwp%2Fv2%2Fcomments&post=215"}],"wp:featuredmedia":[{"embeddable":true,"href":"https:\/\/atelierjulie.eu\/index.php?rest_route=\/wp\/v2\/media\/218"}],"wp:attachment":[{"href":"https:\/\/atelierjulie.eu\/index.php?rest_route=%2Fwp%2Fv2%2Fmedia&parent=215"}],"wp:term":[{"taxonomy":"product_brand","embeddable":true,"href":"https:\/\/atelierjulie.eu\/index.php?rest_route=%2Fwp%2Fv2%2Fproduct_brand&post=215"},{"taxonomy":"product_cat","embeddable":true,"href":"https:\/\/atelierjulie.eu\/index.php?rest_route=%2Fwp%2Fv2%2Fproduct_cat&post=215"},{"taxonomy":"product_tag","embeddable":true,"href":"https:\/\/atelierjulie.eu\/index.php?rest_route=%2Fwp%2Fv2%2Fproduct_tag&post=215"}],"curies":[{"name":"wp","href":"https:\/\/api.w.org\/{rel}","templated":true}]}}