{"id":272,"date":"2026-01-06T16:25:43","date_gmt":"2026-01-06T15:25:43","guid":{"rendered":"https:\/\/atelierjulie.eu\/?page_id=272"},"modified":"2026-02-28T14:35:51","modified_gmt":"2026-02-28T13:35:51","slug":"cours","status":"publish","type":"page","link":"https:\/\/atelierjulie.eu\/?page_id=272","title":{"rendered":"Ateliers"},"content":{"rendered":"\n<p>Atelier Julie propose des cours de prise en main des machines mises \u00e0 disposition (vous pouvez aussi ramener la votre !)<\/p>\n\n\n\n<p>3 th\u00e8mes sont propos\u00e9s : <\/p>\n\n\n\n<ul class=\"wp-block-list\">\n<li>Les <a href=\"https:\/\/atelierjulie.eu\/?page_id=229\">accessoires<\/a><\/li>\n\n\n\n<li>Les v\u00eatements<\/li>\n\n\n\n<li>La d\u00e9couverte des machines<\/li>\n<\/ul>\n\n\n\n<p>Les tarifs affich\u00e9s sont pour une personne et d\u00e9gressifs pou deux ou trois, en cas de demande particuli\u00e8re, n&#8217;h\u00e9sitez pas \u00e0 me laisser un message via <a href=\"https:\/\/atelierjulie.eu\/?page_id=144\">Contact<\/a><\/p>\n\n\n\n<div class=\"wp-block-jetpack-slideshow aligncenter\" data-effect=\"fade\" style=\"--aspect-ratio:calc(640 \/ 853)\"><div class=\"wp-block-jetpack-slideshow_container swiper\"><ul class=\"wp-block-jetpack-slideshow_swiper-wrapper swiper-wrapper\"><li class=\"wp-block-jetpack-slideshow_slide swiper-slide\"><figure><img loading=\"lazy\" decoding=\"async\" width=\"768\" height=\"1024\" alt=\"\" class=\"wp-block-jetpack-slideshow_image wp-image-279\" data-id=\"279\" data-aspect-ratio=\"640 \/ 853\" src=\"https:\/\/atelierjulie.eu\/wp-content\/uploads\/2026\/01\/1000003538-1-768x1024.jpg\" srcset=\"https:\/\/atelierjulie.eu\/wp-content\/uploads\/2026\/01\/1000003538-1-768x1024.jpg 768w, https:\/\/atelierjulie.eu\/wp-content\/uploads\/2026\/01\/1000003538-1-225x300.jpg 225w, https:\/\/atelierjulie.eu\/wp-content\/uploads\/2026\/01\/1000003538-1-1152x1536.jpg 1152w, https:\/\/atelierjulie.eu\/wp-content\/uploads\/2026\/01\/1000003538-1-1024x1365.jpg 1024w, https:\/\/atelierjulie.eu\/wp-content\/uploads\/2026\/01\/1000003538-1-600x800.jpg 600w, https:\/\/atelierjulie.eu\/wp-content\/uploads\/2026\/01\/1000003538-1.jpg 1170w\" sizes=\"(max-width: 768px) 100vw, 768px\" \/><\/figure><\/li><li class=\"wp-block-jetpack-slideshow_slide swiper-slide\"><figure><img loading=\"lazy\" decoding=\"async\" width=\"768\" height=\"1024\" alt=\"\" class=\"wp-block-jetpack-slideshow_image wp-image-280\" data-id=\"280\" data-aspect-ratio=\"640 \/ 853\" src=\"https:\/\/atelierjulie.eu\/wp-content\/uploads\/2026\/01\/1000003727-1-768x1024.jpg\" srcset=\"https:\/\/atelierjulie.eu\/wp-content\/uploads\/2026\/01\/1000003727-1-768x1024.jpg 768w, https:\/\/atelierjulie.eu\/wp-content\/uploads\/2026\/01\/1000003727-1-225x300.jpg 225w, https:\/\/atelierjulie.eu\/wp-content\/uploads\/2026\/01\/1000003727-1-1152x1536.jpg 1152w, https:\/\/atelierjulie.eu\/wp-content\/uploads\/2026\/01\/1000003727-1-1536x2048.jpg 1536w, https:\/\/atelierjulie.eu\/wp-content\/uploads\/2026\/01\/1000003727-1-1024x1365.jpg 1024w, https:\/\/atelierjulie.eu\/wp-content\/uploads\/2026\/01\/1000003727-1-1320x1760.jpg 1320w, https:\/\/atelierjulie.eu\/wp-content\/uploads\/2026\/01\/1000003727-1-600x800.jpg 600w, https:\/\/atelierjulie.eu\/wp-content\/uploads\/2026\/01\/1000003727-1-scaled.jpg 1920w\" sizes=\"(max-width: 768px) 100vw, 768px\" \/><\/figure><\/li><li class=\"wp-block-jetpack-slideshow_slide swiper-slide\"><figure><img loading=\"lazy\" decoding=\"async\" width=\"768\" height=\"1024\" alt=\"\" class=\"wp-block-jetpack-slideshow_image wp-image-359\" data-id=\"359\" data-aspect-ratio=\"640 \/ 853\" src=\"https:\/\/atelierjulie.eu\/wp-content\/uploads\/2026\/01\/IMG_20260107_165329-2-768x1024.jpg\" srcset=\"https:\/\/atelierjulie.eu\/wp-content\/uploads\/2026\/01\/IMG_20260107_165329-2-768x1024.jpg 768w, https:\/\/atelierjulie.eu\/wp-content\/uploads\/2026\/01\/IMG_20260107_165329-2-225x300.jpg 225w, https:\/\/atelierjulie.eu\/wp-content\/uploads\/2026\/01\/IMG_20260107_165329-2-1152x1536.jpg 1152w, https:\/\/atelierjulie.eu\/wp-content\/uploads\/2026\/01\/IMG_20260107_165329-2-1536x2048.jpg 1536w, https:\/\/atelierjulie.eu\/wp-content\/uploads\/2026\/01\/IMG_20260107_165329-2-1024x1365.jpg 1024w, https:\/\/atelierjulie.eu\/wp-content\/uploads\/2026\/01\/IMG_20260107_165329-2-1320x1760.jpg 1320w, https:\/\/atelierjulie.eu\/wp-content\/uploads\/2026\/01\/IMG_20260107_165329-2-600x800.jpg 600w, https:\/\/atelierjulie.eu\/wp-content\/uploads\/2026\/01\/IMG_20260107_165329-2-scaled.jpg 1920w\" sizes=\"(max-width: 768px) 100vw, 768px\" \/><\/figure><\/li><li class=\"wp-block-jetpack-slideshow_slide swiper-slide\"><figure><img loading=\"lazy\" decoding=\"async\" width=\"768\" height=\"1024\" alt=\"\" class=\"wp-block-jetpack-slideshow_image wp-image-358\" data-id=\"358\" data-aspect-ratio=\"640 \/ 853\" src=\"https:\/\/atelierjulie.eu\/wp-content\/uploads\/2026\/01\/IMG_20260107_165355-2-768x1024.jpg\" srcset=\"https:\/\/atelierjulie.eu\/wp-content\/uploads\/2026\/01\/IMG_20260107_165355-2-768x1024.jpg 768w, https:\/\/atelierjulie.eu\/wp-content\/uploads\/2026\/01\/IMG_20260107_165355-2-225x300.jpg 225w, https:\/\/atelierjulie.eu\/wp-content\/uploads\/2026\/01\/IMG_20260107_165355-2-1152x1536.jpg 1152w, https:\/\/atelierjulie.eu\/wp-content\/uploads\/2026\/01\/IMG_20260107_165355-2-1536x2048.jpg 1536w, https:\/\/atelierjulie.eu\/wp-content\/uploads\/2026\/01\/IMG_20260107_165355-2-1024x1365.jpg 1024w, https:\/\/atelierjulie.eu\/wp-content\/uploads\/2026\/01\/IMG_20260107_165355-2-1320x1760.jpg 1320w, https:\/\/atelierjulie.eu\/wp-content\/uploads\/2026\/01\/IMG_20260107_165355-2-600x800.jpg 600w, https:\/\/atelierjulie.eu\/wp-content\/uploads\/2026\/01\/IMG_20260107_165355-2-scaled.jpg 1920w\" sizes=\"(max-width: 768px) 100vw, 768px\" \/><\/figure><\/li><li class=\"wp-block-jetpack-slideshow_slide swiper-slide\"><figure><img loading=\"lazy\" decoding=\"async\" width=\"1024\" height=\"767\" alt=\"\" class=\"wp-block-jetpack-slideshow_image wp-image-362\" data-id=\"362\" data-aspect-ratio=\"640 \/ 479\" src=\"https:\/\/atelierjulie.eu\/wp-content\/uploads\/2026\/01\/1000003887-2-1024x767.jpg\" srcset=\"https:\/\/atelierjulie.eu\/wp-content\/uploads\/2026\/01\/1000003887-2-1024x767.jpg 1024w, https:\/\/atelierjulie.eu\/wp-content\/uploads\/2026\/01\/1000003887-2-300x225.jpg 300w, https:\/\/atelierjulie.eu\/wp-content\/uploads\/2026\/01\/1000003887-2-768x575.jpg 768w, https:\/\/atelierjulie.eu\/wp-content\/uploads\/2026\/01\/1000003887-2-600x449.jpg 600w, https:\/\/atelierjulie.eu\/wp-content\/uploads\/2026\/01\/1000003887-2.jpg 1170w\" sizes=\"(max-width: 1024px) 100vw, 1024px\" \/><\/figure><\/li><li class=\"wp-block-jetpack-slideshow_slide swiper-slide\"><figure><img loading=\"lazy\" decoding=\"async\" width=\"930\" height=\"1024\" alt=\"\" class=\"wp-block-jetpack-slideshow_image wp-image-583\" data-id=\"583\" data-aspect-ratio=\"930 \/ 1024\" src=\"https:\/\/atelierjulie.eu\/wp-content\/uploads\/2026\/02\/1000004044-930x1024.jpg\" srcset=\"https:\/\/atelierjulie.eu\/wp-content\/uploads\/2026\/02\/1000004044-930x1024.jpg 930w, https:\/\/atelierjulie.eu\/wp-content\/uploads\/2026\/02\/1000004044-272x300.jpg 272w, https:\/\/atelierjulie.eu\/wp-content\/uploads\/2026\/02\/1000004044-768x846.jpg 768w, https:\/\/atelierjulie.eu\/wp-content\/uploads\/2026\/02\/1000004044-1395x1536.jpg 1395w, https:\/\/atelierjulie.eu\/wp-content\/uploads\/2026\/02\/1000004044-1860x2048.jpg 1860w, https:\/\/atelierjulie.eu\/wp-content\/uploads\/2026\/02\/1000004044-1024x1128.jpg 1024w, https:\/\/atelierjulie.eu\/wp-content\/uploads\/2026\/02\/1000004044-1320x1454.jpg 1320w, https:\/\/atelierjulie.eu\/wp-content\/uploads\/2026\/02\/1000004044-600x661.jpg 600w\" sizes=\"(max-width: 930px) 100vw, 930px\" \/><\/figure><\/li><li class=\"wp-block-jetpack-slideshow_slide swiper-slide\"><figure><img loading=\"lazy\" decoding=\"async\" width=\"768\" height=\"1024\" alt=\"\" class=\"wp-block-jetpack-slideshow_image wp-image-584\" data-id=\"584\" data-aspect-ratio=\"768 \/ 1024\" src=\"https:\/\/atelierjulie.eu\/wp-content\/uploads\/2026\/02\/1000003966-768x1024.jpg\" srcset=\"https:\/\/atelierjulie.eu\/wp-content\/uploads\/2026\/02\/1000003966-768x1024.jpg 768w, https:\/\/atelierjulie.eu\/wp-content\/uploads\/2026\/02\/1000003966-225x300.jpg 225w, https:\/\/atelierjulie.eu\/wp-content\/uploads\/2026\/02\/1000003966-1152x1536.jpg 1152w, https:\/\/atelierjulie.eu\/wp-content\/uploads\/2026\/02\/1000003966-1536x2048.jpg 1536w, https:\/\/atelierjulie.eu\/wp-content\/uploads\/2026\/02\/1000003966-1024x1365.jpg 1024w, https:\/\/atelierjulie.eu\/wp-content\/uploads\/2026\/02\/1000003966-1320x1760.jpg 1320w, https:\/\/atelierjulie.eu\/wp-content\/uploads\/2026\/02\/1000003966-600x800.jpg 600w, https:\/\/atelierjulie.eu\/wp-content\/uploads\/2026\/02\/1000003966-scaled.jpg 1920w\" sizes=\"(max-width: 768px) 100vw, 768px\" \/><\/figure><\/li><li class=\"wp-block-jetpack-slideshow_slide swiper-slide\"><figure><img loading=\"lazy\" decoding=\"async\" width=\"1024\" height=\"910\" alt=\"\" class=\"wp-block-jetpack-slideshow_image wp-image-582\" data-id=\"582\" data-aspect-ratio=\"1024 \/ 910\" src=\"https:\/\/atelierjulie.eu\/wp-content\/uploads\/2026\/02\/1000003952-1024x910.jpg\" srcset=\"https:\/\/atelierjulie.eu\/wp-content\/uploads\/2026\/02\/1000003952-1024x910.jpg 1024w, https:\/\/atelierjulie.eu\/wp-content\/uploads\/2026\/02\/1000003952-300x267.jpg 300w, https:\/\/atelierjulie.eu\/wp-content\/uploads\/2026\/02\/1000003952-768x682.jpg 768w, https:\/\/atelierjulie.eu\/wp-content\/uploads\/2026\/02\/1000003952-1536x1364.jpg 1536w, https:\/\/atelierjulie.eu\/wp-content\/uploads\/2026\/02\/1000003952-2048x1819.jpg 2048w, https:\/\/atelierjulie.eu\/wp-content\/uploads\/2026\/02\/1000003952-1320x1173.jpg 1320w, https:\/\/atelierjulie.eu\/wp-content\/uploads\/2026\/02\/1000003952-600x533.jpg 600w\" sizes=\"(max-width: 1024px) 100vw, 1024px\" \/><\/figure><\/li><\/ul><a class=\"wp-block-jetpack-slideshow_button-prev swiper-button-prev swiper-button-white\" role=\"button\"><\/a><a class=\"wp-block-jetpack-slideshow_button-next swiper-button-next swiper-button-white\" role=\"button\"><\/a><a aria-label=\"Pause Slideshow\" class=\"wp-block-jetpack-slideshow_button-pause\" role=\"button\"><\/a><div class=\"wp-block-jetpack-slideshow_pagination swiper-pagination swiper-pagination-white\"><\/div><\/div><\/div>\n\n\n\n<p><\/p>\n","protected":false},"excerpt":{"rendered":"<p>Atelier Julie propose des cours de prise en main des machines mises \u00e0 disposition (vous pouvez aussi ramener la votre !) 3 th\u00e8mes sont propos\u00e9s : Les tarifs affich\u00e9s sont pour une personne et d\u00e9gressifs pou deux ou trois, en cas de demande particuli\u00e8re, n&#8217;h\u00e9sitez pas \u00e0 me laisser un message via Contact<\/p>\n","protected":false},"author":1,"featured_media":0,"parent":0,"menu_order":0,"comment_status":"closed","ping_status":"closed","template":"","meta":{"footnotes":""},"class_list":["post-272","page","type-page","status-publish","hentry"],"jetpack_sharing_enabled":true,"_links":{"self":[{"href":"https:\/\/atelierjulie.eu\/index.php?rest_route=\/wp\/v2\/pages\/272","targetHints":{"allow":["GET"]}}],"collection":[{"href":"https:\/\/atelierjulie.eu\/index.php?rest_route=\/wp\/v2\/pages"}],"about":[{"href":"https:\/\/atelierjulie.eu\/index.php?rest_route=\/wp\/v2\/types\/page"}],"author":[{"embeddable":true,"href":"https:\/\/atelierjulie.eu\/index.php?rest_route=\/wp\/v2\/users\/1"}],"replies":[{"embeddable":true,"href":"https:\/\/atelierjulie.eu\/index.php?rest_route=%2Fwp%2Fv2%2Fcomments&post=272"}],"version-history":[{"count":15,"href":"https:\/\/atelierjulie.eu\/index.php?rest_route=\/wp\/v2\/pages\/272\/revisions"}],"predecessor-version":[{"id":586,"href":"https:\/\/atelierjulie.eu\/index.php?rest_route=\/wp\/v2\/pages\/272\/revisions\/586"}],"wp:attachment":[{"href":"https:\/\/atelierjulie.eu\/index.php?rest_route=%2Fwp%2Fv2%2Fmedia&parent=272"}],"curies":[{"name":"wp","href":"https:\/\/api.w.org\/{rel}","templated":true}]}}