{"id":229,"date":"2026-01-06T16:23:09","date_gmt":"2026-01-06T15:23:09","guid":{"rendered":"https:\/\/atelierjulie.eu\/?page_id=229"},"modified":"2026-01-07T18:37:18","modified_gmt":"2026-01-07T17:37:18","slug":"accessoires","status":"publish","type":"page","link":"https:\/\/atelierjulie.eu\/?page_id=229","title":{"rendered":"Accessoires"},"content":{"rendered":"\n<div class=\"wp-block-media-text is-stacked-on-mobile is-vertically-aligned-center has-blush-light-purple-gradient-background has-background\" style=\"grid-template-columns:35% auto\"><figure class=\"wp-block-media-text__media\"><img loading=\"lazy\" decoding=\"async\" width=\"768\" height=\"1024\" src=\"https:\/\/atelierjulie.eu\/wp-content\/uploads\/2026\/01\/1000003727-768x1024.jpg\" alt=\"\" class=\"wp-image-230 size-full\" srcset=\"https:\/\/atelierjulie.eu\/wp-content\/uploads\/2026\/01\/1000003727-768x1024.jpg 768w, https:\/\/atelierjulie.eu\/wp-content\/uploads\/2026\/01\/1000003727-225x300.jpg 225w, https:\/\/atelierjulie.eu\/wp-content\/uploads\/2026\/01\/1000003727-1152x1536.jpg 1152w, https:\/\/atelierjulie.eu\/wp-content\/uploads\/2026\/01\/1000003727-1536x2048.jpg 1536w, https:\/\/atelierjulie.eu\/wp-content\/uploads\/2026\/01\/1000003727-1024x1365.jpg 1024w, https:\/\/atelierjulie.eu\/wp-content\/uploads\/2026\/01\/1000003727-1320x1760.jpg 1320w, https:\/\/atelierjulie.eu\/wp-content\/uploads\/2026\/01\/1000003727-600x800.jpg 600w, https:\/\/atelierjulie.eu\/wp-content\/uploads\/2026\/01\/1000003727-scaled.jpg 1920w\" sizes=\"auto, (max-width: 768px) 100vw, 768px\" \/><\/figure><div class=\"wp-block-media-text__content\">\n<details class=\"wp-block-details is-layout-flow wp-block-details-is-layout-flow\"><summary>Cr\u00e9ation d&#8217;un chouchou<\/summary>\n<p>Prise en main d&#8217;une machine familiale<\/p>\n\n\n\n<ul class=\"wp-block-list\">\n<li>Couture droite<\/li>\n\n\n\n<li>Retournement<\/li>\n\n\n\n<li>Insertion d&#8217;\u00e9lastique<\/li>\n\n\n\n<li>Couture main<\/li>\n<\/ul>\n\n\n\n<p>Tarif : 15 \u20ac<\/p>\n\n\n\n<p>Dur\u00e9e : 30 minutes<\/p>\n\n\n\n<p>Mat\u00e9riel fourni<\/p>\n\n\n\n<p><a href=\"https:\/\/atelierjulie.eu\/?product=creation-dun-chouchou\">R\u00e9server<\/a><\/p>\n<\/details>\n<\/div><\/div>\n\n\n\n<div class=\"wp-block-media-text is-stacked-on-mobile has-pale-ocean-gradient-background has-background\" style=\"grid-template-columns:35% auto\"><figure class=\"wp-block-media-text__media\"><img loading=\"lazy\" decoding=\"async\" width=\"768\" height=\"1024\" src=\"https:\/\/atelierjulie.eu\/wp-content\/uploads\/2026\/01\/1000003538-768x1024.jpg\" alt=\"\" class=\"wp-image-231 size-full\" srcset=\"https:\/\/atelierjulie.eu\/wp-content\/uploads\/2026\/01\/1000003538-768x1024.jpg 768w, https:\/\/atelierjulie.eu\/wp-content\/uploads\/2026\/01\/1000003538-225x300.jpg 225w, https:\/\/atelierjulie.eu\/wp-content\/uploads\/2026\/01\/1000003538-1152x1536.jpg 1152w, https:\/\/atelierjulie.eu\/wp-content\/uploads\/2026\/01\/1000003538-1024x1365.jpg 1024w, https:\/\/atelierjulie.eu\/wp-content\/uploads\/2026\/01\/1000003538-600x800.jpg 600w, https:\/\/atelierjulie.eu\/wp-content\/uploads\/2026\/01\/1000003538.jpg 1170w\" sizes=\"auto, (max-width: 768px) 100vw, 768px\" \/><\/figure><div class=\"wp-block-media-text__content\">\n<details class=\"wp-block-details is-layout-flow wp-block-details-is-layout-flow\"><summary>Cr\u00e9ation d&#8217;une pochette doubl\u00e9e<\/summary>\n<p>Prise en main d&#8217;une machine familiale\/industrielle (si d\u00e9j\u00e0 utilis\u00e9e)<\/p>\n\n\n\n<ul class=\"wp-block-list\">\n<li>Pose de thermocollant<\/li>\n\n\n\n<li>Pose de fermeture \u00e0 glissi\u00e8re<\/li>\n\n\n\n<li>Couture droite<\/li>\n\n\n\n<li>Cr\u00e9ation d&#8217;angles<\/li>\n\n\n\n<li>Retournement<\/li>\n\n\n\n<li>Couture main<\/li>\n<\/ul>\n\n\n\n<p>Dur\u00e9e : 1 heure 30 minutes<\/p>\n\n\n\n<p>Tarif : 35 \u20ac<\/p>\n\n\n\n<p>Mat\u00e9riel fourni<\/p>\n\n\n\n<p><a href=\"https:\/\/atelierjulie.eu\/?product=cours-creation-dune-pochette-doublee\">R\u00e9server<\/a><\/p>\n<\/details>\n<\/div><\/div>\n\n\n\n<div class=\"wp-block-media-text is-stacked-on-mobile has-background\" style=\"background:linear-gradient(121deg,rgb(221,247,180) 0%,rgb(178,135,135) 100%);grid-template-columns:35% auto\"><figure class=\"wp-block-media-text__media\"><img loading=\"lazy\" decoding=\"async\" width=\"768\" height=\"1024\" src=\"https:\/\/atelierjulie.eu\/wp-content\/uploads\/2026\/01\/IMG_20260107_165329-768x1024.jpg\" alt=\"\" class=\"wp-image-287 size-full\" srcset=\"https:\/\/atelierjulie.eu\/wp-content\/uploads\/2026\/01\/IMG_20260107_165329-768x1024.jpg 768w, https:\/\/atelierjulie.eu\/wp-content\/uploads\/2026\/01\/IMG_20260107_165329-225x300.jpg 225w, https:\/\/atelierjulie.eu\/wp-content\/uploads\/2026\/01\/IMG_20260107_165329-1152x1536.jpg 1152w, https:\/\/atelierjulie.eu\/wp-content\/uploads\/2026\/01\/IMG_20260107_165329-1536x2048.jpg 1536w, https:\/\/atelierjulie.eu\/wp-content\/uploads\/2026\/01\/IMG_20260107_165329-1024x1365.jpg 1024w, https:\/\/atelierjulie.eu\/wp-content\/uploads\/2026\/01\/IMG_20260107_165329-1320x1760.jpg 1320w, https:\/\/atelierjulie.eu\/wp-content\/uploads\/2026\/01\/IMG_20260107_165329-600x800.jpg 600w, https:\/\/atelierjulie.eu\/wp-content\/uploads\/2026\/01\/IMG_20260107_165329-scaled.jpg 1920w\" sizes=\"auto, (max-width: 768px) 100vw, 768px\" \/><\/figure><div class=\"wp-block-media-text__content\">\n<details class=\"wp-block-details is-layout-flow wp-block-details-is-layout-flow\"><summary>Cr\u00e9ation d&#8217;un tote bag \u00e0 pression<\/summary>\n<ul class=\"wp-block-list\">\n<li>Couture droite<\/li>\n\n\n\n<li>Surfil sur surjeteuse<\/li>\n\n\n\n<li>Cr\u00e9ation de sangles<\/li>\n\n\n\n<li>Cr\u00e9ation d&#8217;ourlet<\/li>\n\n\n\n<li>Pose de bouton pression<\/li>\n<\/ul>\n\n\n\n<p>Dur\u00e9e : 1 heure<\/p>\n\n\n\n<p>Tarif : 25 \u20ac<\/p>\n\n\n\n<p>Mat\u00e9riel fourni<\/p>\n\n\n\n<p><a href=\"https:\/\/atelierjulie.eu\/?product=cours-creation-dun-tote-bag-a-pression\">R\u00e9server<\/a><\/p>\n<\/details>\n<\/div><\/div>\n\n\n\n<p><\/p>\n","protected":false},"excerpt":{"rendered":"","protected":false},"author":1,"featured_media":0,"parent":0,"menu_order":0,"comment_status":"closed","ping_status":"closed","template":"","meta":{"footnotes":""},"class_list":["post-229","page","type-page","status-publish","hentry"],"jetpack_sharing_enabled":true,"_links":{"self":[{"href":"https:\/\/atelierjulie.eu\/index.php?rest_route=\/wp\/v2\/pages\/229","targetHints":{"allow":["GET"]}}],"collection":[{"href":"https:\/\/atelierjulie.eu\/index.php?rest_route=\/wp\/v2\/pages"}],"about":[{"href":"https:\/\/atelierjulie.eu\/index.php?rest_route=\/wp\/v2\/types\/page"}],"author":[{"embeddable":true,"href":"https:\/\/atelierjulie.eu\/index.php?rest_route=\/wp\/v2\/users\/1"}],"replies":[{"embeddable":true,"href":"https:\/\/atelierjulie.eu\/index.php?rest_route=%2Fwp%2Fv2%2Fcomments&post=229"}],"version-history":[{"count":13,"href":"https:\/\/atelierjulie.eu\/index.php?rest_route=\/wp\/v2\/pages\/229\/revisions"}],"predecessor-version":[{"id":288,"href":"https:\/\/atelierjulie.eu\/index.php?rest_route=\/wp\/v2\/pages\/229\/revisions\/288"}],"wp:attachment":[{"href":"https:\/\/atelierjulie.eu\/index.php?rest_route=%2Fwp%2Fv2%2Fmedia&parent=229"}],"curies":[{"name":"wp","href":"https:\/\/api.w.org\/{rel}","templated":true}]}}