{"id":187,"date":"2026-01-05T11:13:04","date_gmt":"2026-01-05T10:13:04","guid":{"rendered":"https:\/\/atelierjulie.eu\/?page_id=187"},"modified":"2026-01-16T22:35:55","modified_gmt":"2026-01-16T21:35:55","slug":"location","status":"publish","type":"page","link":"https:\/\/atelierjulie.eu\/?page_id=187","title":{"rendered":"Location"},"content":{"rendered":"\n<p><\/p>\n\n\n\n<p>Mise \u00e0 disposition d&#8217;un local agr\u00e9able et calme pour vos projets personnels.<\/p>\n\n\n\n<p><\/p>\n\n\n\n<figure class=\"wp-block-video\"><video height=\"480\" style=\"aspect-ratio: 854 \/ 480;\" width=\"854\" controls src=\"https:\/\/atelierjulie.eu\/wp-content\/uploads\/2026\/01\/1000003897.mp4\"><\/video><\/figure>\n\n\n\n<p><\/p>\n\n\n\n<p>Vous aurez acc\u00e8s \u00e0 une machine \u00e0 coudre familiale, une surjeteuse ainsi qu&#8217;une piqueuse plate industrielle.<\/p>\n\n\n\n<p><\/p>\n\n\n\n<div class=\"wp-block-jetpack-tiled-gallery aligncenter is-style-rectangular\"><div class=\"\"><div class=\"tiled-gallery__gallery\"><div class=\"tiled-gallery__row\"><div class=\"tiled-gallery__col\" style=\"flex-basis:66.77454%\"><figure class=\"tiled-gallery__item\"><img decoding=\"async\" srcset=\"https:\/\/i0.wp.com\/atelierjulie.eu\/wp-content\/uploads\/2026\/01\/1000003892-1024x768.jpg?strip=info&#038;w=600&#038;ssl=1 600w,https:\/\/i0.wp.com\/atelierjulie.eu\/wp-content\/uploads\/2026\/01\/1000003892-1024x768.jpg?strip=info&#038;w=900&#038;ssl=1 900w,https:\/\/i0.wp.com\/atelierjulie.eu\/wp-content\/uploads\/2026\/01\/1000003892-1024x768.jpg?strip=info&#038;w=1200&#038;ssl=1 1200w,https:\/\/i0.wp.com\/atelierjulie.eu\/wp-content\/uploads\/2026\/01\/1000003892-1024x768.jpg?strip=info&#038;w=1500&#038;ssl=1 1500w,https:\/\/i0.wp.com\/atelierjulie.eu\/wp-content\/uploads\/2026\/01\/1000003892-1024x768.jpg?strip=info&#038;w=1560&#038;ssl=1 1560w\" alt=\"\" data-height=\"1170\" data-id=\"192\" data-link=\"https:\/\/atelierjulie.eu\/?attachment_id=192\" data-url=\"https:\/\/atelierjulie.eu\/wp-content\/uploads\/2026\/01\/1000003892-1024x768.jpg\" data-width=\"1560\" src=\"https:\/\/i0.wp.com\/atelierjulie.eu\/wp-content\/uploads\/2026\/01\/1000003892-1024x768.jpg?ssl=1\" data-amp-layout=\"responsive\"\/><\/figure><\/div><div class=\"tiled-gallery__col\" style=\"flex-basis:33.22546%\"><figure class=\"tiled-gallery__item\"><img decoding=\"async\" srcset=\"https:\/\/i0.wp.com\/atelierjulie.eu\/wp-content\/uploads\/2026\/01\/1000003884-1024x768.jpg?strip=info&#038;w=600&#038;ssl=1 600w,https:\/\/i0.wp.com\/atelierjulie.eu\/wp-content\/uploads\/2026\/01\/1000003884-1024x768.jpg?strip=info&#038;w=900&#038;ssl=1 900w,https:\/\/i0.wp.com\/atelierjulie.eu\/wp-content\/uploads\/2026\/01\/1000003884-1024x768.jpg?strip=info&#038;w=1200&#038;ssl=1 1200w,https:\/\/i0.wp.com\/atelierjulie.eu\/wp-content\/uploads\/2026\/01\/1000003884-1024x768.jpg?strip=info&#038;w=1500&#038;ssl=1 1500w,https:\/\/i0.wp.com\/atelierjulie.eu\/wp-content\/uploads\/2026\/01\/1000003884-1024x768.jpg?strip=info&#038;w=1800&#038;ssl=1 1800w,https:\/\/i0.wp.com\/atelierjulie.eu\/wp-content\/uploads\/2026\/01\/1000003884-1024x768.jpg?strip=info&#038;w=2000&#038;ssl=1 2000w\" alt=\"\" data-height=\"1920\" data-id=\"198\" data-link=\"https:\/\/atelierjulie.eu\/?attachment_id=198\" data-url=\"https:\/\/atelierjulie.eu\/wp-content\/uploads\/2026\/01\/1000003884-1024x768.jpg\" data-width=\"2560\" src=\"https:\/\/i0.wp.com\/atelierjulie.eu\/wp-content\/uploads\/2026\/01\/1000003884-1024x768.jpg?ssl=1\" data-amp-layout=\"responsive\"\/><\/figure><figure class=\"tiled-gallery__item\"><img decoding=\"async\" srcset=\"https:\/\/i0.wp.com\/atelierjulie.eu\/wp-content\/uploads\/2026\/01\/1000003882-1024x768.jpg?strip=info&#038;w=600&#038;ssl=1 600w,https:\/\/i0.wp.com\/atelierjulie.eu\/wp-content\/uploads\/2026\/01\/1000003882-1024x768.jpg?strip=info&#038;w=900&#038;ssl=1 900w,https:\/\/i0.wp.com\/atelierjulie.eu\/wp-content\/uploads\/2026\/01\/1000003882-1024x768.jpg?strip=info&#038;w=1200&#038;ssl=1 1200w,https:\/\/i0.wp.com\/atelierjulie.eu\/wp-content\/uploads\/2026\/01\/1000003882-1024x768.jpg?strip=info&#038;w=1500&#038;ssl=1 1500w,https:\/\/i0.wp.com\/atelierjulie.eu\/wp-content\/uploads\/2026\/01\/1000003882-1024x768.jpg?strip=info&#038;w=1800&#038;ssl=1 1800w,https:\/\/i0.wp.com\/atelierjulie.eu\/wp-content\/uploads\/2026\/01\/1000003882-1024x768.jpg?strip=info&#038;w=2000&#038;ssl=1 2000w\" alt=\"\" data-height=\"1920\" data-id=\"199\" data-link=\"https:\/\/atelierjulie.eu\/?attachment_id=199\" data-url=\"https:\/\/atelierjulie.eu\/wp-content\/uploads\/2026\/01\/1000003882-1024x768.jpg\" data-width=\"2560\" src=\"https:\/\/i0.wp.com\/atelierjulie.eu\/wp-content\/uploads\/2026\/01\/1000003882-1024x768.jpg?ssl=1\" data-amp-layout=\"responsive\"\/><\/figure><\/div><\/div><\/div><\/div><\/div>\n\n\n\n<p><\/p>\n\n\n\n<p>Un espace de repassage et une table de d\u00e9coupe sont disponibles.<\/p>\n\n\n\n<p><\/p>\n\n\n\n<div class=\"wp-block-jetpack-tiled-gallery aligncenter is-style-rectangular\"><div class=\"\"><div class=\"tiled-gallery__gallery\"><div class=\"tiled-gallery__row\"><div class=\"tiled-gallery__col\" style=\"flex-basis:66.77454%\"><figure class=\"tiled-gallery__item\"><img decoding=\"async\" srcset=\"https:\/\/i0.wp.com\/atelierjulie.eu\/wp-content\/uploads\/2026\/01\/1000003895-1024x768.jpg?strip=info&#038;w=600&#038;ssl=1 600w,https:\/\/i0.wp.com\/atelierjulie.eu\/wp-content\/uploads\/2026\/01\/1000003895-1024x768.jpg?strip=info&#038;w=900&#038;ssl=1 900w,https:\/\/i0.wp.com\/atelierjulie.eu\/wp-content\/uploads\/2026\/01\/1000003895-1024x768.jpg?strip=info&#038;w=1200&#038;ssl=1 1200w,https:\/\/i0.wp.com\/atelierjulie.eu\/wp-content\/uploads\/2026\/01\/1000003895-1024x768.jpg?strip=info&#038;w=1500&#038;ssl=1 1500w,https:\/\/i0.wp.com\/atelierjulie.eu\/wp-content\/uploads\/2026\/01\/1000003895-1024x768.jpg?strip=info&#038;w=1560&#038;ssl=1 1560w\" alt=\"\" data-height=\"1170\" data-id=\"195\" data-link=\"https:\/\/atelierjulie.eu\/?attachment_id=195\" data-url=\"https:\/\/atelierjulie.eu\/wp-content\/uploads\/2026\/01\/1000003895-1024x768.jpg\" data-width=\"1560\" src=\"https:\/\/i0.wp.com\/atelierjulie.eu\/wp-content\/uploads\/2026\/01\/1000003895-1024x768.jpg?ssl=1\" data-amp-layout=\"responsive\"\/><\/figure><\/div><div class=\"tiled-gallery__col\" style=\"flex-basis:33.22546%\"><figure class=\"tiled-gallery__item\"><img decoding=\"async\" srcset=\"https:\/\/i0.wp.com\/atelierjulie.eu\/wp-content\/uploads\/2026\/01\/1000003888-1024x768.jpg?strip=info&#038;w=600&#038;ssl=1 600w,https:\/\/i0.wp.com\/atelierjulie.eu\/wp-content\/uploads\/2026\/01\/1000003888-1024x768.jpg?strip=info&#038;w=900&#038;ssl=1 900w,https:\/\/i0.wp.com\/atelierjulie.eu\/wp-content\/uploads\/2026\/01\/1000003888-1024x768.jpg?strip=info&#038;w=1200&#038;ssl=1 1200w,https:\/\/i0.wp.com\/atelierjulie.eu\/wp-content\/uploads\/2026\/01\/1000003888-1024x768.jpg?strip=info&#038;w=1500&#038;ssl=1 1500w,https:\/\/i0.wp.com\/atelierjulie.eu\/wp-content\/uploads\/2026\/01\/1000003888-1024x768.jpg?strip=info&#038;w=1560&#038;ssl=1 1560w\" alt=\"\" data-height=\"1170\" data-id=\"194\" data-link=\"https:\/\/atelierjulie.eu\/?attachment_id=194\" data-url=\"https:\/\/atelierjulie.eu\/wp-content\/uploads\/2026\/01\/1000003888-1024x768.jpg\" data-width=\"1560\" src=\"https:\/\/i0.wp.com\/atelierjulie.eu\/wp-content\/uploads\/2026\/01\/1000003888-1024x768.jpg?ssl=1\" data-amp-layout=\"responsive\"\/><\/figure><figure class=\"tiled-gallery__item\"><img decoding=\"async\" srcset=\"https:\/\/i0.wp.com\/atelierjulie.eu\/wp-content\/uploads\/2026\/01\/1000003881-1024x768.jpg?strip=info&#038;w=600&#038;ssl=1 600w,https:\/\/i0.wp.com\/atelierjulie.eu\/wp-content\/uploads\/2026\/01\/1000003881-1024x768.jpg?strip=info&#038;w=900&#038;ssl=1 900w,https:\/\/i0.wp.com\/atelierjulie.eu\/wp-content\/uploads\/2026\/01\/1000003881-1024x768.jpg?strip=info&#038;w=1200&#038;ssl=1 1200w,https:\/\/i0.wp.com\/atelierjulie.eu\/wp-content\/uploads\/2026\/01\/1000003881-1024x768.jpg?strip=info&#038;w=1500&#038;ssl=1 1500w,https:\/\/i0.wp.com\/atelierjulie.eu\/wp-content\/uploads\/2026\/01\/1000003881-1024x768.jpg?strip=info&#038;w=1800&#038;ssl=1 1800w,https:\/\/i0.wp.com\/atelierjulie.eu\/wp-content\/uploads\/2026\/01\/1000003881-1024x768.jpg?strip=info&#038;w=2000&#038;ssl=1 2000w\" alt=\"\" data-height=\"1920\" data-id=\"197\" data-link=\"https:\/\/atelierjulie.eu\/?attachment_id=197\" data-url=\"https:\/\/atelierjulie.eu\/wp-content\/uploads\/2026\/01\/1000003881-1024x768.jpg\" data-width=\"2560\" src=\"https:\/\/i0.wp.com\/atelierjulie.eu\/wp-content\/uploads\/2026\/01\/1000003881-1024x768.jpg?ssl=1\" data-amp-layout=\"responsive\"\/><\/figure><\/div><\/div><\/div><\/div><\/div>\n\n\n\n<p><\/p>\n\n\n\n<p>Le mat\u00e9riel de d\u00e9coupe, tra\u00e7age et mesure peut aussi \u00eatre mis \u00e0 disposition.<\/p>\n\n\n\n<p><\/p>\n\n\n\n<figure class=\"wp-block-image size-large\"><img loading=\"lazy\" decoding=\"async\" width=\"768\" height=\"1024\" src=\"https:\/\/atelierjulie.eu\/wp-content\/uploads\/2026\/01\/IMG_20260105_104948-768x1024.jpg\" alt=\"\" class=\"wp-image-200\" srcset=\"https:\/\/atelierjulie.eu\/wp-content\/uploads\/2026\/01\/IMG_20260105_104948-768x1024.jpg 768w, https:\/\/atelierjulie.eu\/wp-content\/uploads\/2026\/01\/IMG_20260105_104948-225x300.jpg 225w, https:\/\/atelierjulie.eu\/wp-content\/uploads\/2026\/01\/IMG_20260105_104948-1152x1536.jpg 1152w, https:\/\/atelierjulie.eu\/wp-content\/uploads\/2026\/01\/IMG_20260105_104948-1536x2048.jpg 1536w, https:\/\/atelierjulie.eu\/wp-content\/uploads\/2026\/01\/IMG_20260105_104948-1024x1365.jpg 1024w, https:\/\/atelierjulie.eu\/wp-content\/uploads\/2026\/01\/IMG_20260105_104948-1320x1760.jpg 1320w, https:\/\/atelierjulie.eu\/wp-content\/uploads\/2026\/01\/IMG_20260105_104948-600x800.jpg 600w, https:\/\/atelierjulie.eu\/wp-content\/uploads\/2026\/01\/IMG_20260105_104948-scaled.jpg 1920w\" sizes=\"auto, (max-width: 768px) 100vw, 768px\" \/><\/figure>\n\n\n\n<p><\/p>\n\n\n\n<p>S&#8217;agissant de projet personnel, il vous sera demand\u00e9 d&#8217;apporter vos tissus avec fils assortis et petite mercerie (FAG, boutons, rubans&#8230;)<\/p>\n\n\n\n<p class=\"has-small-font-size\"><em>Vos mati\u00e8res et consommables \u00e9tant \u00e0 votre charge, il vous sera tout de m\u00eame possible d&#8217;acheter une s\u00e9lection de produits disponibles \u00e0 la vente \u00e0 l&#8217;atelier.<\/em><\/p>\n\n\n\n<p class=\"has-text-align-center has-blush-light-purple-gradient-background has-background has-large-font-size\" style=\"border-style:none;border-width:0px\"><strong>TARIFS : 20\u20ac de l&#8217;heure ou 70\u20ac la demi-journ\u00e9e (4h)<\/strong><\/p>\n\n\n\n<p class=\"has-text-align-center has-medium-font-size\"><em>Pour r\u00e9server , rendez-vous dans l&#8217;onglet <a href=\"https:\/\/atelierjulie.eu\/?page_id=13\" data-type=\"page\" data-id=\"13\">Boutique<\/a> , pour toute autre demande :<\/em><a href=\"https:\/\/atelierjulie.eu\/?page_id=144\"> Contact<\/a><\/p>\n\n\n\n<div class=\"wp-block-cover\"><span aria-hidden=\"true\" class=\"wp-block-cover__background has-background-dim\"><\/span><div class=\"wp-block-cover__inner-container is-layout-flow wp-block-cover-is-layout-flow\">\n<div class=\"wp-block-group\"><div class=\"wp-block-group__inner-container is-layout-constrained wp-block-group-is-layout-constrained\">\n<p class=\"has-small-font-size\">En r\u00e9servant, vous acceptez nos conditions d&#8217;utilisation de l&#8217;espace sous vid\u00e9o surveillance, du mat\u00e9riel et des machines de l&#8217;atelier.<\/p>\n\n\n\n<p class=\"has-small-font-size\">Les r\u00e9servations ne sont pas remboursables et ne pourront plus \u00eatre d\u00e9plac\u00e9es moins de 48h avant le d\u00e9but de la 1\u00e8re heure r\u00e9serv\u00e9e.<\/p>\n\n\n\n<p class=\"has-small-font-size\">Il ne s&#8217;agit en aucun cas d&#8217;un cours de couture, vous devez \u00eatre autonome avec le mat\u00e9riel et les machines mises \u00e0 disposition. Toute mauvaise utilisation entrainant une r\u00e9paration ou un rachat pourra vous \u00eatre factur\u00e9.<\/p>\n\n\n\n<p class=\"has-small-font-size\">L&#8217;atelier n&#8217;est pas responsable de quelconque dommage sur votre projet ou sur votre personne.<\/p>\n\n\n\n<p class=\"has-small-font-size\">L&#8217;atelier doit \u00eatre lib\u00e9r\u00e9 \u00e0 l&#8217;heure pr\u00e9vue, rang\u00e9 et nettoy\u00e9. Tout d\u00e9passement d&#8217;horaire entrainera un cout suppl\u00e9mentaire de 10\u20ac toutes les 15 minutes entam\u00e9es, une caution de 100\u20ac vous sera demand\u00e9e \u00e0 l&#8217;arriv\u00e9e et restitu\u00e9e au d\u00e9part.<\/p>\n<\/div><\/div>\n<\/div><\/div>\n\n\n\n<p><\/p>\n","protected":false},"excerpt":{"rendered":"<p>Mise \u00e0 disposition d&#8217;un local agr\u00e9able et calme pour vos projets personnels. Vous aurez acc\u00e8s \u00e0 une machine \u00e0 coudre familiale, une surjeteuse ainsi qu&#8217;une piqueuse plate industrielle. Un espace de repassage et une table de d\u00e9coupe sont disponibles. Le mat\u00e9riel de d\u00e9coupe, tra\u00e7age et mesure peut aussi \u00eatre mis \u00e0 disposition. S&#8217;agissant de projet [&hellip;]<\/p>\n","protected":false},"author":1,"featured_media":0,"parent":0,"menu_order":0,"comment_status":"closed","ping_status":"closed","template":"","meta":{"footnotes":""},"class_list":["post-187","page","type-page","status-publish","hentry"],"jetpack_sharing_enabled":true,"_links":{"self":[{"href":"https:\/\/atelierjulie.eu\/index.php?rest_route=\/wp\/v2\/pages\/187","targetHints":{"allow":["GET"]}}],"collection":[{"href":"https:\/\/atelierjulie.eu\/index.php?rest_route=\/wp\/v2\/pages"}],"about":[{"href":"https:\/\/atelierjulie.eu\/index.php?rest_route=\/wp\/v2\/types\/page"}],"author":[{"embeddable":true,"href":"https:\/\/atelierjulie.eu\/index.php?rest_route=\/wp\/v2\/users\/1"}],"replies":[{"embeddable":true,"href":"https:\/\/atelierjulie.eu\/index.php?rest_route=%2Fwp%2Fv2%2Fcomments&post=187"}],"version-history":[{"count":17,"href":"https:\/\/atelierjulie.eu\/index.php?rest_route=\/wp\/v2\/pages\/187\/revisions"}],"predecessor-version":[{"id":415,"href":"https:\/\/atelierjulie.eu\/index.php?rest_route=\/wp\/v2\/pages\/187\/revisions\/415"}],"wp:attachment":[{"href":"https:\/\/atelierjulie.eu\/index.php?rest_route=%2Fwp%2Fv2%2Fmedia&parent=187"}],"curies":[{"name":"wp","href":"https:\/\/api.w.org\/{rel}","templated":true}]}}